{"id":3445,"date":"2017-09-08T16:03:42","date_gmt":"2017-09-08T14:03:42","guid":{"rendered":"http:\/\/tirigenera.ch\/?page_id=3445"},"modified":"2018-01-15T12:26:35","modified_gmt":"2018-01-15T11:26:35","slug":"ringiovanimento-cute","status":"publish","type":"page","link":"https:\/\/tirigenera.ch\/fr\/ringiovanimento-cute\/","title":{"rendered":"(Italiano) RINGIOVANIMENTO CUTE"},"content":{"rendered":"<p>[vc_row css=\u00a0\u00bb.vc_custom_1504779249390{margin-top: 0px !important;margin-bottom: 0px !important;padding-top: 40px !important;padding-bottom: 40px !important;}\u00a0\u00bb][vc_column width=\u00a0\u00bb1\/3&Prime;]<div id=\"ultimate-heading-577269e1f62ebc846\" class=\"uvc-heading ult-adjust-bottom-margin ultimate-heading-577269e1f62ebc846 uvc-7280 \" data-hspacer=\"no_spacer\"  data-halign=\"left\" style=\"text-align:left\"><div class=\"uvc-heading-spacer no_spacer\" style=\"top\"><\/div><div class=\"uvc-main-heading ult-responsive\"  data-ultimate-target='.uvc-heading.ultimate-heading-577269e1f62ebc846 h2'  data-responsive-json-new='{\"font-size\":\"desktop:42px;\",\"line-height\":\"desktop:62px;\"}' ><h2 style=\"font-family:'Montserrat';font-weight:500;color:#191919;margin-bottom:40px;\">Le vieillissement cutan\u00e9<\/h2><\/div><\/div>[\/vc_column][vc_column width=\u00a0\u00bb1\/3&Prime;][vc_empty_space height=\u00a0\u00bb57px\u00a0\u00bb]<div id=\"ultimate-heading-839169e1f62ebc85f\" class=\"uvc-heading ult-adjust-bottom-margin ultimate-heading-839169e1f62ebc85f uvc-4162 \" data-hspacer=\"no_spacer\"  data-halign=\"left\" style=\"text-align:left\"><div class=\"uvc-heading-spacer no_spacer\" style=\"top\"><\/div><div class=\"uvc-sub-heading ult-responsive\"  data-ultimate-target='.uvc-heading.ultimate-heading-839169e1f62ebc85f .uvc-sub-heading '  data-responsive-json-new='{\"font-size\":\"desktop:16px;\",\"line-height\":\"desktop:26px;\"}'  style=\"font-family:'Lato';font-weight:300;color:rgba(25,25,25,0.7);margin-bottom:40px;\"><strong>LES EFFETS<\/strong><br \/>\nPhysiologiquement, les effets du vieillissement cutan\u00e9 viennent de la progressive r\u00e9duction de la synth\u00e8se du collag\u00e8ne et du ph\u00e9nom\u00e8ne d\u2019\u00e9lastosis: ceci se manifeste par l\u2019apparence de fibres \u00e9lastiques endommag\u00e9es, qui sont la cause des rides et de l\u2019\u00e9paississement cutan\u00e9. Il est important de savoir que le vieillissement cutan\u00e9 est tr\u00e8s li\u00e9 aux diff\u00e9rentes couches de la peau. \u00c0 niveau d\u2019\u00e9piderme (le couche le plus superficiel), le vieillissement produit des alt\u00e9rations de la pigmentation: le premier sympt\u00f4mes est la perte de la couleur ros\u00e9e typique des peaux jeunes. Si le vieillissement est \u00e0 niveau du derme (le couche le plus profond), il produit une r\u00e9duction du collag\u00e8ne et des fibres \u00e9lastiques, avec l\u2019apparence de rides et de laxit\u00e9 cutan\u00e9e.<\/div><\/div>[\/vc_column][vc_column width=\u00a0\u00bb1\/3&Prime;][vc_empty_space height=\u00a0\u00bb57px\u00a0\u00bb]<div id=\"ultimate-heading-226869e1f62ebc87a\" class=\"uvc-heading ult-adjust-bottom-margin ultimate-heading-226869e1f62ebc87a uvc-6697 \" data-hspacer=\"no_spacer\"  data-halign=\"left\" style=\"text-align:left\"><div class=\"uvc-heading-spacer no_spacer\" style=\"top\"><\/div><div class=\"uvc-sub-heading ult-responsive\"  data-ultimate-target='.uvc-heading.ultimate-heading-226869e1f62ebc87a .uvc-sub-heading '  data-responsive-json-new='{\"font-size\":\"desktop:16px;\",\"line-height\":\"desktop:26px;\"}'  style=\"font-family:'Lato';font-weight:300;color:rgba(25,25,25,0.7);margin-bottom:40px;\"><strong>LES CAUSES<\/strong><br \/>\nLes causes du vieillissement et de l\u2019atrophie cutan\u00e9e sont bien connues: elles comprennent l\u2019exposition prolong\u00e9e aux rayons UV, le tabagisme, hautes doses de caf\u00e9ine, le stress et l\u2019exposition \u00e0 des facteurs anxiog\u00e8nes.<\/div><\/div>[vc_single_image image=\u00a0\u00bb3608&Prime; img_size=\u00a0\u00bbfull\u00a0\u00bb alignment=\u00a0\u00bbcenter\u00a0\u00bb css=\u00a0\u00bb.vc_custom_1516015188375{padding-top: 10px !important;}\u00a0\u00bb][\/vc_column][\/vc_row][vc_row css=\u00a0\u00bb.vc_custom_1504779249390{margin-top: 0px !important;margin-bottom: 0px !important;padding-top: 40px !important;padding-bottom: 40px !important;}\u00a0\u00bb][vc_column width=\u00a0\u00bb1\/3&Prime;]<div id=\"ultimate-heading-195269e1f62ebc895\" class=\"uvc-heading ult-adjust-bottom-margin ultimate-heading-195269e1f62ebc895 uvc-3517 \" data-hspacer=\"no_spacer\"  data-halign=\"left\" style=\"text-align:left\"><div class=\"uvc-heading-spacer no_spacer\" style=\"top\"><\/div><div class=\"uvc-sub-heading ult-responsive\"  data-ultimate-target='.uvc-heading.ultimate-heading-195269e1f62ebc895 .uvc-sub-heading '  data-responsive-json-new='{\"font-size\":\"desktop:16px;\",\"line-height\":\"desktop:26px;\"}'  style=\"font-family:'Lato';font-weight:300;color:rgba(25,25,25,0.7);margin-bottom:40px;\"><strong>UNE BEAUT\u00c9 NATURELLE<br \/>\n<\/strong>Rajeunir le visage, contraster l\u2019amincissement des cheveux, redonner \u00e9lasticit\u00e9 au cou et au d\u00e9collet\u00e9, am\u00e9liorer la peau des mains, \u00e9liminer\u00a0les inesth\u00e9tysmes des cicatrices d\u2019origine chirurgicale, traumatique ou acn\u00e9ique\u2026 Tout cela est aujourd\u2019hui naturellement possible gr\u00e2ce \u00e0 un approche r\u00e9volutionnaire \u00e0 la r\u00e9g\u00e9n\u00e9ration des tissus.<\/div><\/div>[\/vc_column][vc_column width=\u00a0\u00bb1\/3&Prime;]<div id=\"ultimate-heading-724069e1f62ebc8af\" class=\"uvc-heading ult-adjust-bottom-margin ultimate-heading-724069e1f62ebc8af uvc-6946 \" data-hspacer=\"no_spacer\"  data-halign=\"left\" style=\"text-align:left\"><div class=\"uvc-heading-spacer no_spacer\" style=\"top\"><\/div><div class=\"uvc-sub-heading ult-responsive\"  data-ultimate-target='.uvc-heading.ultimate-heading-724069e1f62ebc8af .uvc-sub-heading '  data-responsive-json-new='{\"font-size\":\"desktop:16px;\",\"line-height\":\"desktop:26px;\"}'  style=\"font-family:'Lato';font-weight:300;color:rgba(25,25,25,0.7);margin-bottom:40px;\"><strong>GU\u00c9RIR, C\u2019EST POSSIBLE<br \/>\n<\/strong>Avec le traitement RIGENERA<sup>TM<\/sup>, il est possible d\u2019intervenir sur tous les niveaux cutan\u00e9s, et de gu\u00e9rir le vieillissement de fa\u00e7on au m\u00eame temps douce et radicale, mais surtout naturelle, sans utiliser m\u00e9dicaments ou produits chimiques.\u00a0RIGENERA<sup>TM<\/sup>\u00a0stimule la r\u00e9g\u00e9n\u00e9ration des tissus dans toutes leurs composants, et rend donc possible de r\u00e9cup\u00e9rer l\u2019\u00e9lasticit\u00e9 et la couleur naturelle de la peau dans quelques semaines seulement.<\/div><\/div>[\/vc_column][vc_column width=\u00a0\u00bb1\/3&Prime;][vc_single_image image=\u00a0\u00bb3447&Prime; img_size=\u00a0\u00bbfull\u00a0\u00bb css=\u00a0\u00bb.vc_custom_1504879297076{padding-top: 10px !important;}\u00a0\u00bb][\/vc_column][\/vc_row][vc_row full_width=\u00a0\u00bbstretch_row_content_no_spaces\u00a0\u00bb css=\u00a0\u00bb.vc_custom_1490737829363{margin-top: 0px !important;margin-bottom: 0px !important;padding-top: 0px !important;padding-bottom: 0px !important;}\u00a0\u00bb][vc_column][vc_separator][\/vc_column][\/vc_row][vc_row css=\u00a0\u00bb.vc_custom_1504785250300{margin-top: 0px !important;margin-bottom: 0px !important;padding-top: 40px !important;padding-bottom: 40px !important;}\u00a0\u00bb][vc_column width=\u00a0\u00bb2\/3&Prime;]<div id=\"ultimate-heading-772769e1f62ebc8ca\" class=\"uvc-heading ult-adjust-bottom-margin ultimate-heading-772769e1f62ebc8ca uvc-8336 \" data-hspacer=\"no_spacer\"  data-halign=\"left\" style=\"text-align:left\"><div class=\"uvc-heading-spacer no_spacer\" style=\"top\"><\/div><div class=\"uvc-main-heading ult-responsive\"  data-ultimate-target='.uvc-heading.ultimate-heading-772769e1f62ebc8ca h2'  data-responsive-json-new='{\"font-size\":\"desktop:42px;\",\"line-height\":\"desktop:62px;\"}' ><h2 style=\"font-family:'Montserrat';font-weight:500;color:#191919;margin-bottom:40px;\">RAJEUNIR AVEC RIGENERA<\/h2><\/div><div class=\"uvc-sub-heading ult-responsive\"  data-ultimate-target='.uvc-heading.ultimate-heading-772769e1f62ebc8ca .uvc-sub-heading '  data-responsive-json-new='{\"font-size\":\"desktop:16px;\",\"line-height\":\"desktop:26px;\"}'  style=\"font-family:'Lato';font-weight:300;color:rgba(25,25,25,0.7);margin-bottom:40px;\">Le nouveau traitement m\u00e9dical RIGENERA<sup>TM<\/sup> permet de rajeunir la peau endommag\u00e9e par le temps et l\u2019exposition au soleil. La r\u00e9g\u00e9n\u00e9ration se produit gr\u00e2ce \u00e0 des greffes microscopiques de peau, pr\u00e9lev\u00e9es du patient, qui sont r\u00e9duites en micro-fragments gr\u00e2ce \u00e0 la technologie RIGENERAtm, mises dans une solution aqueuse, et imm\u00e9diatement inject\u00e9es \u00e0 nouveau, avec de fins aiguilles, dans les surfaces \u00e0 traiter.<\/div><\/div><div id=\"ultimate-heading-654669e1f62ebc8f7\" class=\"uvc-heading ult-adjust-bottom-margin ultimate-heading-654669e1f62ebc8f7 uvc-6650 \" data-hspacer=\"no_spacer\"  data-halign=\"left\" style=\"text-align:left\"><div class=\"uvc-heading-spacer no_spacer\" style=\"top\"><\/div><div class=\"uvc-sub-heading ult-responsive\"  data-ultimate-target='.uvc-heading.ultimate-heading-654669e1f62ebc8f7 .uvc-sub-heading '  data-responsive-json-new='{\"font-size\":\"desktop:16px;\",\"line-height\":\"desktop:26px;\"}'  style=\"font-family:'Lato';font-weight:300;color:rgba(25,25,25,0.7);margin-bottom:40px;\"><strong>\u00c9VIDENCE SCIENTIFIQUE<br \/>\n<\/strong>Beaucoup d\u2019\u00e9tudes scientifiques montrent que, apr\u00e8s la d\u00e9sint\u00e9gration (Fig. B) du tissu pr\u00e9lev\u00e9 (Fig. A), la vitalit\u00e9 des micro-greffes est environ 75-80%. Dans les micro-greffes (Fig. C), il y a un haut pourcentage de facteurs de la croissance et de \u00abcellules m\u00e8res\u00bb: ces-ci sont essentielles pour la r\u00e9g\u00e9n\u00e9ration des tissus, en stimulant la revascularisation et la r\u00e9g\u00e9n\u00e9ration naturelle de la peau.<\/div><\/div>[\/vc_column][vc_column width=\u00a0\u00bb1\/3&Prime;][vc_single_image image=\u00a0\u00bb3607&Prime; img_size=\u00a0\u00bbfull\u00a0\u00bb css=\u00a0\u00bb.vc_custom_1516015430567{padding-top: 10px !important;}\u00a0\u00bb][\/vc_column][\/vc_row][vc_row css=\u00a0\u00bb.vc_custom_1504779249390{margin-top: 0px !important;margin-bottom: 0px !important;padding-top: 40px !important;padding-bottom: 40px !important;}\u00a0\u00bb][vc_column width=\u00a0\u00bb1\/3&Prime;][vc_single_image image=\u00a0\u00bb3419&Prime; img_size=\u00a0\u00bbfull\u00a0\u00bb css=\u00a0\u00bb.vc_custom_1504877438343{padding-top: 10px !important;}\u00a0\u00bb][vc_column_text]Fig. A[\/vc_column_text][\/vc_column][vc_column width=\u00a0\u00bb1\/3&Prime;][vc_single_image image=\u00a0\u00bb3407&Prime; img_size=\u00a0\u00bbfull\u00a0\u00bb css=\u00a0\u00bb.vc_custom_1504877457252{padding-top: 10px !important;}\u00a0\u00bb][vc_column_text]Fig. B[\/vc_column_text][\/vc_column][vc_column width=\u00a0\u00bb1\/3&Prime;][vc_single_image image=\u00a0\u00bb3435&Prime; img_size=\u00a0\u00bbfull\u00a0\u00bb css=\u00a0\u00bb.vc_custom_1504879415612{padding-top: 10px !important;}\u00a0\u00bb][vc_column_text]Fig. C[\/vc_column_text][\/vc_column][\/vc_row][vc_row full_width=\u00a0\u00bbstretch_row_content_no_spaces\u00a0\u00bb css=\u00a0\u00bb.vc_custom_1490737829363{margin-top: 0px !important;margin-bottom: 0px !important;padding-top: 0px !important;padding-bottom: 0px !important;}\u00a0\u00bb][vc_column][vc_separator][\/vc_column][\/vc_row][vc_row css=\u00a0\u00bb.vc_custom_1504785250300{margin-top: 0px !important;margin-bottom: 0px !important;padding-top: 40px !important;padding-bottom: 40px !important;}\u00a0\u00bb][vc_column width=\u00a0\u00bb2\/3&Prime;]<div id=\"ultimate-heading-25969e1f62ebc914\" class=\"uvc-heading ult-adjust-bottom-margin ultimate-heading-25969e1f62ebc914 uvc-2111 \" data-hspacer=\"no_spacer\"  data-halign=\"left\" style=\"text-align:left\"><div class=\"uvc-heading-spacer no_spacer\" style=\"top\"><\/div><div class=\"uvc-sub-heading ult-responsive\"  data-ultimate-target='.uvc-heading.ultimate-heading-25969e1f62ebc914 .uvc-sub-heading '  data-responsive-json-new='{\"font-size\":\"desktop:16px;\",\"line-height\":\"desktop:26px;\"}'  style=\"font-family:'Lato';font-weight:300;color:rgba(25,25,25,0.7);margin-bottom:40px;\"><strong>LE TRAITEMENT M\u00c9DICAL DANS UNE SEULE SESSION<br \/>\n<\/strong>Le traitement m\u00e9dical RIGENERA\u2122 est effectu\u00e9 seulement par des M\u00e9decins Chirurgiens. Il s\u2019agit d\u2019effectuer de minuscules (environ 3 mm) pr\u00e9l\u00e8vements de tissu cutan\u00e9, en correspondance de la ligne des cheveux de la nuque. Le tissu pr\u00e9lev\u00e9 est r\u00e9duit en particules microscopiques, qui seront inject\u00e9es \u00e0 nouveau, avec de fins aiguilles et presque sans douleur (technique m\u00e9soth\u00e9rapique), dans les surfaces cutan\u00e9es \u00e0 traiter. Le traitement est simple et s\u00fbr, il est effectu\u00e9 dans une seule session, et il permet de reprendre imm\u00e9diatement toute activit\u00e9 sociale et de travail.<\/div><\/div><div id=\"ultimate-heading-964869e1f62ebc930\" class=\"uvc-heading ult-adjust-bottom-margin ultimate-heading-964869e1f62ebc930 uvc-283 \" data-hspacer=\"no_spacer\"  data-halign=\"left\" style=\"text-align:left\"><div class=\"uvc-heading-spacer no_spacer\" style=\"top\"><\/div><div class=\"uvc-sub-heading ult-responsive\"  data-ultimate-target='.uvc-heading.ultimate-heading-964869e1f62ebc930 .uvc-sub-heading '  data-responsive-json-new='{\"font-size\":\"desktop:16px;\",\"line-height\":\"desktop:26px;\"}'  style=\"font-family:'Lato';font-weight:300;color:rgba(25,25,25,0.7);margin-bottom:40px;\"><strong>LA M\u00c9THODE R\u00c9G\u00c9N\u00c9RATIVE<br \/>\n<\/strong>La m\u00e9thode RIGENERA<sup>TM<\/sup> constitue un approche r\u00e9volutionnaire \u00e0 la r\u00e9g\u00e9n\u00e9ration des tissus. La m\u00e9thode est bas\u00e9e sur la cr\u00e9ation de micro-greffes, obtenues par un appareil m\u00e9dical jetable.<\/p>\n<p>Avec RIGENERA<sup>TM<\/sup>, le patient, dans une seule session, est aussi bien donateur que r\u00e9cepteur de micro-greffes calibr\u00e9es: ce proc\u00e8s permet que les cellules r\u00e9g\u00e9n\u00e9ratives dans la surface r\u00e9ceptrice s\u2019enrichissent. RIGENERA<sup>TM<\/sup> est bas\u00e9e sur deux piliers fondamentales de la biologie r\u00e9g\u00e9n\u00e9rative:<\/p>\n<ul>\n<li>La \u00abside population\u00bb, des cellules avec les m\u00eames dimensions (moins de 70 micron) qui les distinguent du reste de la population.<\/li>\n<li>La niche, c\u2019est-\u00e0-dire le microenvironnement dans lequel les \u00abcellules m\u00e8res\u00bb r\u00e9sident, constitu\u00e9 par tous les facteurs qui en r\u00e8glent les fonctions et la r\u00e9g\u00e9n\u00e9ration naturelle des tissus.<\/li>\n<\/ul>\n<p><\/div><\/div>[\/vc_column][vc_column width=\u00a0\u00bb1\/3&Prime;][vc_single_image image=\u00a0\u00bb3406&Prime; img_size=\u00a0\u00bbfull\u00a0\u00bb css=\u00a0\u00bb.vc_custom_1504877569731{padding-top: 10px !important;}\u00a0\u00bb][\/vc_column][\/vc_row]<\/p>","protected":false},"excerpt":{"rendered":"<p>[vc_row css=\u00a0\u00bb.vc_custom_1504779249390{margin-top: 0px !important;margin-bottom: 0px !important;padding-top: 40px !important;padding-bottom: 40px !important;}\u00a0\u00bb][vc_column width=\u00a0\u00bb1\/3&Prime;][\/vc_column][vc_column width=\u00a0\u00bb1\/3&Prime;][vc_empty_space height=\u00a0\u00bb57px\u00a0\u00bb][\/vc_column][vc_column width=\u00a0\u00bb1\/3&Prime;][vc_empty_space height=\u00a0\u00bb57px\u00a0\u00bb][vc_single_image image=\u00a0\u00bb3608&Prime; img_size=\u00a0\u00bbfull\u00a0\u00bb alignment=\u00a0\u00bbcenter\u00a0\u00bb css=\u00a0\u00bb.vc_custom_1516015188375{padding-top: 10px !important;}\u00a0\u00bb][\/vc_column][\/vc_row][vc_row css=\u00a0\u00bb.vc_custom_1504779249390{margin-top: 0px !important;margin-bottom: 0px !important;padding-top: 40px !important;padding-bottom: 40px !important;}\u00a0\u00bb][vc_column width=\u00a0\u00bb1\/3&Prime;][\/vc_column][vc_column width=\u00a0\u00bb1\/3&Prime;][\/vc_column][vc_column width=\u00a0\u00bb1\/3&Prime;][vc_single_image image=\u00a0\u00bb3447&Prime; img_size=\u00a0\u00bbfull\u00a0\u00bb css=\u00a0\u00bb.vc_custom_1504879297076{padding-top: 10px !important;}\u00a0\u00bb][\/vc_column][\/vc_row][vc_row full_width=\u00a0\u00bbstretch_row_content_no_spaces\u00a0\u00bb css=\u00a0\u00bb.vc_custom_1490737829363{margin-top: 0px !important;margin-bottom: 0px !important;padding-top: 0px !important;padding-bottom: 0px !important;}\u00a0\u00bb][vc_column][vc_separator][\/vc_column][\/vc_row][vc_row css=\u00a0\u00bb.vc_custom_1504785250300{margin-top: 0px !important;margin-bottom: 0px !important;padding-top: 40px !important;padding-bottom: [&hellip;]<\/p>\n","protected":false},"author":1,"featured_media":0,"parent":0,"menu_order":0,"comment_status":"closed","ping_status":"closed","template":"","meta":{"footnotes":""},"class_list":["post-3445","page","type-page","status-publish","hentry"],"yoast_head":"<!-- This site is optimized with the Yoast SEO plugin v27.0 - https:\/\/yoast.com\/product\/yoast-seo-wordpress\/ -->\n<title>(Italiano) RINGIOVANIMENTO CUTE - TIRIGENERA<\/title>\n<meta name=\"robots\" content=\"index, follow, max-snippet:-1, max-image-preview:large, max-video-preview:-1\" \/>\n<link rel=\"canonical\" href=\"https:\/\/tirigenera.ch\/fr\/ringiovanimento-cute\/\" \/>\n<meta property=\"og:locale\" content=\"fr_FR\" \/>\n<meta property=\"og:type\" content=\"article\" \/>\n<meta property=\"og:title\" content=\"(Italiano) RINGIOVANIMENTO CUTE - TIRIGENERA\" \/>\n<meta property=\"og:description\" content=\"[vc_row css=\u00a0\u00bb.vc_custom_1504779249390{margin-top: 0px !important;margin-bottom: 0px !important;padding-top: 40px !important;padding-bottom: 40px !important;}\u00a0\u00bb][vc_column width=\u00a0\u00bb1\/3&Prime;][\/vc_column][vc_column width=\u00a0\u00bb1\/3&Prime;][vc_empty_space height=\u00a0\u00bb57px\u00a0\u00bb][\/vc_column][vc_column width=\u00a0\u00bb1\/3&Prime;][vc_empty_space height=\u00a0\u00bb57px\u00a0\u00bb][vc_single_image image=\u00a0\u00bb3608&Prime; img_size=\u00a0\u00bbfull\u00a0\u00bb alignment=\u00a0\u00bbcenter\u00a0\u00bb css=\u00a0\u00bb.vc_custom_1516015188375{padding-top: 10px !important;}\u00a0\u00bb][\/vc_column][\/vc_row][vc_row css=\u00a0\u00bb.vc_custom_1504779249390{margin-top: 0px !important;margin-bottom: 0px !important;padding-top: 40px !important;padding-bottom: 40px !important;}\u00a0\u00bb][vc_column width=\u00a0\u00bb1\/3&Prime;][\/vc_column][vc_column width=\u00a0\u00bb1\/3&Prime;][\/vc_column][vc_column width=\u00a0\u00bb1\/3&Prime;][vc_single_image image=\u00a0\u00bb3447&Prime; img_size=\u00a0\u00bbfull\u00a0\u00bb css=\u00a0\u00bb.vc_custom_1504879297076{padding-top: 10px !important;}\u00a0\u00bb][\/vc_column][\/vc_row][vc_row full_width=\u00a0\u00bbstretch_row_content_no_spaces\u00a0\u00bb css=\u00a0\u00bb.vc_custom_1490737829363{margin-top: 0px !important;margin-bottom: 0px !important;padding-top: 0px !important;padding-bottom: 0px !important;}\u00a0\u00bb][vc_column][vc_separator][\/vc_column][\/vc_row][vc_row css=\u00a0\u00bb.vc_custom_1504785250300{margin-top: 0px !important;margin-bottom: 0px !important;padding-top: 40px !important;padding-bottom: [&hellip;]\" \/>\n<meta property=\"og:url\" content=\"https:\/\/tirigenera.ch\/fr\/ringiovanimento-cute\/\" \/>\n<meta property=\"og:site_name\" content=\"TIRIGENERA\" \/>\n<meta property=\"article:modified_time\" content=\"2018-01-15T11:26:35+00:00\" \/>\n<meta name=\"twitter:card\" content=\"summary_large_image\" \/>\n<meta name=\"twitter:label1\" content=\"Dur\u00e9e de lecture estim\u00e9e\" \/>\n\t<meta name=\"twitter:data1\" content=\"25 minutes\" \/>\n<script type=\"application\/ld+json\" class=\"yoast-schema-graph\">{\"@context\":\"https:\/\/schema.org\",\"@graph\":[{\"@type\":\"WebPage\",\"@id\":\"https:\/\/tirigenera.ch\/fr\/ringiovanimento-cute\/\",\"url\":\"https:\/\/tirigenera.ch\/fr\/ringiovanimento-cute\/\",\"name\":\"(Italiano) RINGIOVANIMENTO CUTE - TIRIGENERA\",\"isPartOf\":{\"@id\":\"https:\/\/tirigenera.ch\/#website\"},\"datePublished\":\"2017-09-08T14:03:42+00:00\",\"dateModified\":\"2018-01-15T11:26:35+00:00\",\"breadcrumb\":{\"@id\":\"https:\/\/tirigenera.ch\/fr\/ringiovanimento-cute\/#breadcrumb\"},\"inLanguage\":\"fr-FR\",\"potentialAction\":[{\"@type\":\"ReadAction\",\"target\":[\"https:\/\/tirigenera.ch\/fr\/ringiovanimento-cute\/\"]}]},{\"@type\":\"BreadcrumbList\",\"@id\":\"https:\/\/tirigenera.ch\/fr\/ringiovanimento-cute\/#breadcrumb\",\"itemListElement\":[{\"@type\":\"ListItem\",\"position\":1,\"name\":\"Home\",\"item\":\"https:\/\/tirigenera.ch\/\"},{\"@type\":\"ListItem\",\"position\":2,\"name\":\"(Italiano) RINGIOVANIMENTO CUTE\"}]},{\"@type\":\"WebSite\",\"@id\":\"https:\/\/tirigenera.ch\/#website\",\"url\":\"https:\/\/tirigenera.ch\/\",\"name\":\"TIRIGENERA\",\"description\":\"la scienza al servizio della bellezza\",\"potentialAction\":[{\"@type\":\"SearchAction\",\"target\":{\"@type\":\"EntryPoint\",\"urlTemplate\":\"https:\/\/tirigenera.ch\/?s={search_term_string}\"},\"query-input\":{\"@type\":\"PropertyValueSpecification\",\"valueRequired\":true,\"valueName\":\"search_term_string\"}}],\"inLanguage\":\"fr-FR\"}]}<\/script>\n<!-- \/ Yoast SEO plugin. -->","yoast_head_json":{"title":"(Italiano) RINGIOVANIMENTO CUTE - TIRIGENERA","robots":{"index":"index","follow":"follow","max-snippet":"max-snippet:-1","max-image-preview":"max-image-preview:large","max-video-preview":"max-video-preview:-1"},"canonical":"https:\/\/tirigenera.ch\/fr\/ringiovanimento-cute\/","og_locale":"fr_FR","og_type":"article","og_title":"(Italiano) RINGIOVANIMENTO CUTE - TIRIGENERA","og_description":"[vc_row css=\u00a0\u00bb.vc_custom_1504779249390{margin-top: 0px !important;margin-bottom: 0px !important;padding-top: 40px !important;padding-bottom: 40px !important;}\u00a0\u00bb][vc_column width=\u00a0\u00bb1\/3&Prime;][\/vc_column][vc_column width=\u00a0\u00bb1\/3&Prime;][vc_empty_space height=\u00a0\u00bb57px\u00a0\u00bb][\/vc_column][vc_column width=\u00a0\u00bb1\/3&Prime;][vc_empty_space height=\u00a0\u00bb57px\u00a0\u00bb][vc_single_image image=\u00a0\u00bb3608&Prime; img_size=\u00a0\u00bbfull\u00a0\u00bb alignment=\u00a0\u00bbcenter\u00a0\u00bb css=\u00a0\u00bb.vc_custom_1516015188375{padding-top: 10px !important;}\u00a0\u00bb][\/vc_column][\/vc_row][vc_row css=\u00a0\u00bb.vc_custom_1504779249390{margin-top: 0px !important;margin-bottom: 0px !important;padding-top: 40px !important;padding-bottom: 40px !important;}\u00a0\u00bb][vc_column width=\u00a0\u00bb1\/3&Prime;][\/vc_column][vc_column width=\u00a0\u00bb1\/3&Prime;][\/vc_column][vc_column width=\u00a0\u00bb1\/3&Prime;][vc_single_image image=\u00a0\u00bb3447&Prime; img_size=\u00a0\u00bbfull\u00a0\u00bb css=\u00a0\u00bb.vc_custom_1504879297076{padding-top: 10px !important;}\u00a0\u00bb][\/vc_column][\/vc_row][vc_row full_width=\u00a0\u00bbstretch_row_content_no_spaces\u00a0\u00bb css=\u00a0\u00bb.vc_custom_1490737829363{margin-top: 0px !important;margin-bottom: 0px !important;padding-top: 0px !important;padding-bottom: 0px !important;}\u00a0\u00bb][vc_column][vc_separator][\/vc_column][\/vc_row][vc_row css=\u00a0\u00bb.vc_custom_1504785250300{margin-top: 0px !important;margin-bottom: 0px !important;padding-top: 40px !important;padding-bottom: [&hellip;]","og_url":"https:\/\/tirigenera.ch\/fr\/ringiovanimento-cute\/","og_site_name":"TIRIGENERA","article_modified_time":"2018-01-15T11:26:35+00:00","twitter_card":"summary_large_image","twitter_misc":{"Dur\u00e9e de lecture estim\u00e9e":"25 minutes"},"schema":{"@context":"https:\/\/schema.org","@graph":[{"@type":"WebPage","@id":"https:\/\/tirigenera.ch\/fr\/ringiovanimento-cute\/","url":"https:\/\/tirigenera.ch\/fr\/ringiovanimento-cute\/","name":"(Italiano) RINGIOVANIMENTO CUTE - TIRIGENERA","isPartOf":{"@id":"https:\/\/tirigenera.ch\/#website"},"datePublished":"2017-09-08T14:03:42+00:00","dateModified":"2018-01-15T11:26:35+00:00","breadcrumb":{"@id":"https:\/\/tirigenera.ch\/fr\/ringiovanimento-cute\/#breadcrumb"},"inLanguage":"fr-FR","potentialAction":[{"@type":"ReadAction","target":["https:\/\/tirigenera.ch\/fr\/ringiovanimento-cute\/"]}]},{"@type":"BreadcrumbList","@id":"https:\/\/tirigenera.ch\/fr\/ringiovanimento-cute\/#breadcrumb","itemListElement":[{"@type":"ListItem","position":1,"name":"Home","item":"https:\/\/tirigenera.ch\/"},{"@type":"ListItem","position":2,"name":"(Italiano) RINGIOVANIMENTO CUTE"}]},{"@type":"WebSite","@id":"https:\/\/tirigenera.ch\/#website","url":"https:\/\/tirigenera.ch\/","name":"TIRIGENERA","description":"la scienza al servizio della bellezza","potentialAction":[{"@type":"SearchAction","target":{"@type":"EntryPoint","urlTemplate":"https:\/\/tirigenera.ch\/?s={search_term_string}"},"query-input":{"@type":"PropertyValueSpecification","valueRequired":true,"valueName":"search_term_string"}}],"inLanguage":"fr-FR"}]}},"_links":{"self":[{"href":"https:\/\/tirigenera.ch\/fr\/wp-json\/wp\/v2\/pages\/3445","targetHints":{"allow":["GET"]}}],"collection":[{"href":"https:\/\/tirigenera.ch\/fr\/wp-json\/wp\/v2\/pages"}],"about":[{"href":"https:\/\/tirigenera.ch\/fr\/wp-json\/wp\/v2\/types\/page"}],"author":[{"embeddable":true,"href":"https:\/\/tirigenera.ch\/fr\/wp-json\/wp\/v2\/users\/1"}],"replies":[{"embeddable":true,"href":"https:\/\/tirigenera.ch\/fr\/wp-json\/wp\/v2\/comments?post=3445"}],"version-history":[{"count":10,"href":"https:\/\/tirigenera.ch\/fr\/wp-json\/wp\/v2\/pages\/3445\/revisions"}],"predecessor-version":[{"id":3614,"href":"https:\/\/tirigenera.ch\/fr\/wp-json\/wp\/v2\/pages\/3445\/revisions\/3614"}],"wp:attachment":[{"href":"https:\/\/tirigenera.ch\/fr\/wp-json\/wp\/v2\/media?parent=3445"}],"curies":[{"name":"wp","href":"https:\/\/api.w.org\/{rel}","templated":true}]}}