{"id":77,"date":"2017-03-27T22:34:15","date_gmt":"2017-03-27T22:34:15","guid":{"rendered":"http:\/\/visage.evatheme.com\/?page_id=77"},"modified":"2017-12-12T12:26:47","modified_gmt":"2017-12-12T11:26:47","slug":"tecnologia","status":"publish","type":"page","link":"https:\/\/tirigenera.ch\/fr\/tecnologia\/","title":{"rendered":"La Technologie"},"content":{"rendered":"<p>[vc_row css=\u00a0\u00bb.vc_custom_1504779249390{margin-top: 0px !important;margin-bottom: 0px !important;padding-top: 40px !important;padding-bottom: 40px !important;}\u00a0\u00bb][vc_column width=\u00a0\u00bb1\/3&Prime;]<div id=\"ultimate-heading-172469e1f26412f60\" class=\"uvc-heading ult-adjust-bottom-margin ultimate-heading-172469e1f26412f60 uvc-9975 \" data-hspacer=\"no_spacer\"  data-halign=\"left\" style=\"text-align:left\"><div class=\"uvc-heading-spacer no_spacer\" style=\"top\"><\/div><div class=\"uvc-sub-heading ult-responsive\"  data-ultimate-target='.uvc-heading.ultimate-heading-172469e1f26412f60 .uvc-sub-heading '  data-responsive-json-new='{\"font-size\":\"desktop:16px;\",\"line-height\":\"desktop:26px;\"}'  style=\"font-family:'Lato';font-weight:300;color:rgba(25,25,25,0.7);margin-bottom:40px;\">Les tissus non solides, tels que le sang ou la moelle osseuse, peuvent \u00eatre facilement extraits et, tandis que les tissus solides, tels que le derme, le cartilage, les os, etc., sont plus difficiles \u00e0 d\u00e9sagreger et filtrer pour une utilisation successive,.<br \/>\nLe syst\u00e8me RIGENERA\u2122 permet de r\u00e9soudre \u00a0cette difficult\u00e9.<br \/>\nRIGENERA\u2122 et \u00e0 m\u00eame \u00a0\u00e0 partir d&rsquo;une petite portion du tissu solide, d\u2019 isoler une fraction de cellules de capacit\u00e9 de prolif\u00e9ration \u00e9lev\u00e9e, sous la forme de micro-greffes de dimensions constantes inf\u00e9rieures \u00e0 50 microm\u00e8tres<\/p>\n<p>Ces micro-greffes sont riches en facteurs de croissance et cellules prog\u00e9nitrices.<\/p>\n<p><em><strong>Nombreux \u00e9tudes scientifiques ont montr\u00e9 que les cellules souches r\u00e9sident au sein d&rsquo;une population cellulaire appel\u00e9e \u00ab side population\u00bb<\/strong><\/em><\/div><\/div>[\/vc_column][vc_column width=\u00a0\u00bb1\/3&Prime;][vc_single_image image=\u00a0\u00bb3406&Prime; img_size=\u00a0\u00bbfull\u00a0\u00bb css=\u00a0\u00bb.vc_custom_1504779175538{padding-top: 10px !important;}\u00a0\u00bb][\/vc_column][vc_column width=\u00a0\u00bb1\/3&Prime;]<div id=\"ultimate-heading-633469e1f26412f82\" class=\"uvc-heading ult-adjust-bottom-margin ultimate-heading-633469e1f26412f82 uvc-6196 \" data-hspacer=\"no_spacer\"  data-halign=\"left\" style=\"text-align:left\"><div class=\"uvc-heading-spacer no_spacer\" style=\"top\"><\/div><div class=\"uvc-sub-heading ult-responsive\"  data-ultimate-target='.uvc-heading.ultimate-heading-633469e1f26412f82 .uvc-sub-heading '  data-responsive-json-new='{\"font-size\":\"desktop:16px;\",\"line-height\":\"desktop:26px;\"}'  style=\"font-family:'Lato';font-weight:300;color:rgba(25,25,25,0.7);margin-bottom:40px;\">RIGENERA\u2122 et la seule technologie du monde, capable d&rsquo;assurer une vitalit\u00e9 \u00e9lev\u00e9e &lsquo;cellulaire des micro-greffes isol\u00e9es (plus de 80%), sans avoir recours \u00e0 tout syst\u00e8me de digestion enzymatique ou de manipulation de tissu. Ces proc\u00e9dures sont communes \u00e0 d&rsquo;autres technologies, qui ont la principale limitation d&rsquo;une vitalit\u00e9 cellulaire faible et une faible capacit\u00e9 de r\u00e9g\u00e9n\u00e9ration .<\/p>\n<p>RIGENERA\u2122 est un syst\u00e8me de pr\u00e9paration d&rsquo;\u00e9chantillons s\u00fbr et standardis\u00e9, qui agit par l&rsquo;interm\u00e9diaire d&rsquo;un processus purement m\u00e9canique de d\u00e9sint\u00e9gration solide tissulaire.<\/p>\n<p>RIGENERA\u2122 et \u00ab se compose de deux \u00e9l\u00e9ments: le moteur Rigenera et la RIGENERAKIT.<br \/>\nLe moteur est une unit\u00e9 compacte qui devient le c\u0153ur du syst\u00e8me: fonctionne avec le RigeneraKit et tourne \u00e0 une vitesse constante d&rsquo;environ 80 tours par minute.<\/p>\n<p>RigeneraKit est un dispositif m\u00e9dical \u00e0 usage unique avec la certification CE et FDA. Il contient une grille en acier perfor\u00e9 avec 100 trous\u00a0 autour de laquelle chacun il y a 6 micro-lames con\u00e7ues pour r\u00e9duire efficacement les tissus durs et mous.<\/p>\n<p>De cette fa\u00e7on, et vous pouvez obtenir des fractions de tissus (micro-greffes) de taille constante de 50 microns.<\/div><\/div>[\/vc_column][\/vc_row][vc_row full_width=\u00a0\u00bbstretch_row_content_no_spaces\u00a0\u00bb css=\u00a0\u00bb.vc_custom_1490737829363{margin-top: 0px !important;margin-bottom: 0px !important;padding-top: 0px !important;padding-bottom: 0px !important;}\u00a0\u00bb][vc_column][vc_separator][\/vc_column][\/vc_row][vc_row css=\u00a0\u00bb.vc_custom_1504785360408{margin-top: 0px !important;margin-bottom: 0px !important;padding-top: 40px !important;padding-bottom: 40px !important;}\u00a0\u00bb][vc_column width=\u00a0\u00bb1\/3&Prime;]<div id=\"ultimate-heading-948969e1f26412fa5\" class=\"uvc-heading ult-adjust-bottom-margin ultimate-heading-948969e1f26412fa5 uvc-4333 \" data-hspacer=\"no_spacer\"  data-halign=\"left\" style=\"text-align:left\"><div class=\"uvc-heading-spacer no_spacer\" style=\"top\"><\/div><div class=\"uvc-main-heading ult-responsive\"  data-ultimate-target='.uvc-heading.ultimate-heading-948969e1f26412fa5 h2'  data-responsive-json-new='{\"font-size\":\"desktop:20px;\",\"line-height\":\"desktop:20px;\"}' ><h2 style=\"font-family:'Montserrat';font-weight:500;color:#191919;margin-bottom:40px;\">Avantages du syst\u00e8me de technologie RIGENERA<\/h2><\/div><\/div><div class=\"aio-icon-component  vc_custom_1513077902042   style_1\"><div id=\"Info-box-wrap-1064\" class=\"aio-icon-box left-icon\" style=\"\"  ><div class=\"aio-icon-left\"><div class=\"ult-just-icon-wrapper  \"><div class=\"align-icon\" style=\"text-align:center;\">\n<div class=\"aio-icon none \"  style=\"color:#48cdff;font-size:30px;display:inline-block;\">\n\t<i class=\"Defaults-check\"><\/i>\n<\/div><\/div><\/div><\/div><div class=\"aio-ibd-block\"><div class=\"aio-icon-description ult-responsive\"  data-ultimate-target='#Info-box-wrap-1064 .aio-icon-description'  data-responsive-json-new='{\"font-size\":\"desktop:16px;\",\"line-height\":\"desktop:26px;\"}'  style=\"font-family:'Lato';font-weight:300;color:rgba(25,25,25,0.7);\">Pr\u00e9paration des tissus tr\u00e8s rapide (90 secondes)<\/div> <!-- description --><\/div> <!-- aio-ibd-block --><\/div> <!-- aio-icon-box --><\/div> <!-- aio-icon-component --><div class=\"aio-icon-component  vc_custom_1513077916908   style_1\"><div id=\"Info-box-wrap-8140\" class=\"aio-icon-box left-icon\" style=\"\"  ><div class=\"aio-icon-left\"><div class=\"ult-just-icon-wrapper  \"><div class=\"align-icon\" style=\"text-align:center;\">\n<div class=\"aio-icon none \"  style=\"color:#48cdff;font-size:30px;display:inline-block;\">\n\t<i class=\"Defaults-check\"><\/i>\n<\/div><\/div><\/div><\/div><div class=\"aio-ibd-block\"><div class=\"aio-icon-description ult-responsive\"  data-ultimate-target='#Info-box-wrap-8140 .aio-icon-description'  data-responsive-json-new='{\"font-size\":\"desktop:16px;\",\"line-height\":\"desktop:26px;\"}'  style=\"font-family:'Lato';font-weight:300;color:rgba(25,25,25,0.7);\">Taille normalis\u00e9e des micro-greffes isol\u00e9es<\/div> <!-- description --><\/div> <!-- aio-ibd-block --><\/div> <!-- aio-icon-box --><\/div> <!-- aio-icon-component --><div class=\"aio-icon-component  vc_custom_1513077929984   style_1\"><div id=\"Info-box-wrap-7807\" class=\"aio-icon-box left-icon\" style=\"\"  ><div class=\"aio-icon-left\"><div class=\"ult-just-icon-wrapper  \"><div class=\"align-icon\" style=\"text-align:center;\">\n<div class=\"aio-icon none \"  style=\"color:#48cdff;font-size:30px;display:inline-block;\">\n\t<i class=\"Defaults-check\"><\/i>\n<\/div><\/div><\/div><\/div><div class=\"aio-ibd-block\"><div class=\"aio-icon-description ult-responsive\"  data-ultimate-target='#Info-box-wrap-7807 .aio-icon-description'  data-responsive-json-new='{\"font-size\":\"desktop:16px;\",\"line-height\":\"desktop:26px;\"}'  style=\"font-family:'Lato';font-weight:300;color:rgba(25,25,25,0.7);\">Gagnez du temps et de l&rsquo;argent<\/div> <!-- description --><\/div> <!-- aio-ibd-block --><\/div> <!-- aio-icon-box --><\/div> <!-- aio-icon-component -->[\/vc_column][vc_column width=\u00a0\u00bb1\/3&Prime;][vc_empty_space height=\u00a0\u00bb57px\u00a0\u00bb]<div class=\"aio-icon-component  vc_custom_1513077974972   style_1\"><div id=\"Info-box-wrap-5569\" class=\"aio-icon-box left-icon\" style=\"\"  ><div class=\"aio-icon-left\"><div class=\"ult-just-icon-wrapper  \"><div class=\"align-icon\" style=\"text-align:center;\">\n<div class=\"aio-icon none \"  style=\"color:#48cdff;font-size:30px;display:inline-block;\">\n\t<i class=\"Defaults-check\"><\/i>\n<\/div><\/div><\/div><\/div><div class=\"aio-ibd-block\"><div class=\"aio-icon-description ult-responsive\"  data-ultimate-target='#Info-box-wrap-5569 .aio-icon-description'  data-responsive-json-new='{\"font-size\":\"desktop:16px;\",\"line-height\":\"desktop:26px;\"}'  style=\"font-family:'Lato';font-weight:300;color:rgba(25,25,25,0.7);\">D\u00e9sagregation tissulaire prot\u00e9g\u00e9e dans une unit\u00e9 st\u00e9rile jetable<\/div> <!-- description --><\/div> <!-- aio-ibd-block --><\/div> <!-- aio-icon-box --><\/div> <!-- aio-icon-component --><div class=\"aio-icon-component  vc_custom_1513077986691   style_1\"><div id=\"Info-box-wrap-4938\" class=\"aio-icon-box left-icon\" style=\"\"  ><div class=\"aio-icon-left\"><div class=\"ult-just-icon-wrapper  \"><div class=\"align-icon\" style=\"text-align:center;\">\n<div class=\"aio-icon none \"  style=\"color:#48cdff;font-size:30px;display:inline-block;\">\n\t<i class=\"Defaults-check\"><\/i>\n<\/div><\/div><\/div><\/div><div class=\"aio-ibd-block\"><div class=\"aio-icon-description ult-responsive\"  data-ultimate-target='#Info-box-wrap-4938 .aio-icon-description'  data-responsive-json-new='{\"font-size\":\"desktop:16px;\",\"line-height\":\"desktop:26px;\"}'  style=\"font-family:'Lato';font-weight:300;color:rgba(25,25,25,0.7);\">S\u00e9curit\u00e9 am\u00e9lior\u00e9e de l&rsquo;op\u00e9rateur<\/div> <!-- description --><\/div> <!-- aio-ibd-block --><\/div> <!-- aio-icon-box --><\/div> <!-- aio-icon-component --><div class=\"aio-icon-component  vc_custom_1513077997868   style_1\"><div id=\"Info-box-wrap-7329\" class=\"aio-icon-box left-icon\" style=\"\"  ><div class=\"aio-icon-left\"><div class=\"ult-just-icon-wrapper  \"><div class=\"align-icon\" style=\"text-align:center;\">\n<div class=\"aio-icon none \"  style=\"color:#48cdff;font-size:30px;display:inline-block;\">\n\t<i class=\"Defaults-check\"><\/i>\n<\/div><\/div><\/div><\/div><div class=\"aio-ibd-block\"><div class=\"aio-icon-description ult-responsive\"  data-ultimate-target='#Info-box-wrap-7329 .aio-icon-description'  data-responsive-json-new='{\"font-size\":\"desktop:16px;\",\"line-height\":\"desktop:26px;\"}'  style=\"font-family:'Lato';font-weight:300;color:rgba(25,25,25,0.7);\">\u00c9limination de la contamination crois\u00e9e du tissu<\/div> <!-- description --><\/div> <!-- aio-ibd-block --><\/div> <!-- aio-icon-box --><\/div> <!-- aio-icon-component --><div class=\"aio-icon-component  vc_custom_1513078011239   style_1\"><div id=\"Info-box-wrap-8682\" class=\"aio-icon-box left-icon\" style=\"\"  ><div class=\"aio-icon-left\"><div class=\"ult-just-icon-wrapper  \"><div class=\"align-icon\" style=\"text-align:center;\">\n<div class=\"aio-icon none \"  style=\"color:#48cdff;font-size:30px;display:inline-block;\">\n\t<i class=\"Defaults-check\"><\/i>\n<\/div><\/div><\/div><\/div><div class=\"aio-ibd-block\"><div class=\"aio-icon-description ult-responsive\"  data-ultimate-target='#Info-box-wrap-8682 .aio-icon-description'  data-responsive-json-new='{\"font-size\":\"desktop:16px;\",\"line-height\":\"desktop:26px;\"}'  style=\"font-family:'Lato';font-weight:300;color:rgba(25,25,25,0.7);\">Syst\u00e8me compact et portable qui s&rsquo;int\u00e8gre facilement dans n&rsquo;importe quel environnement<\/div> <!-- description --><\/div> <!-- aio-ibd-block --><\/div> <!-- aio-icon-box --><\/div> <!-- aio-icon-component -->[\/vc_column][vc_column width=\u00a0\u00bb1\/3&Prime;][vc_empty_space height=\u00a0\u00bb55px\u00a0\u00bb][vc_single_image image=\u00a0\u00bb3407&Prime; img_size=\u00a0\u00bbfull\u00a0\u00bb css=\u00a0\u00bb.vc_custom_1504779329906{padding-top: 10px !important;}\u00a0\u00bb][\/vc_column][\/vc_row]<\/p>","protected":false},"excerpt":{"rendered":"<p>[vc_row css=\u00a0\u00bb.vc_custom_1504779249390{margin-top: 0px !important;margin-bottom: 0px !important;padding-top: 40px !important;padding-bottom: 40px !important;}\u00a0\u00bb][vc_column width=\u00a0\u00bb1\/3&Prime;][\/vc_column][vc_column width=\u00a0\u00bb1\/3&Prime;][vc_single_image image=\u00a0\u00bb3406&Prime; img_size=\u00a0\u00bbfull\u00a0\u00bb css=\u00a0\u00bb.vc_custom_1504779175538{padding-top: 10px !important;}\u00a0\u00bb][\/vc_column][vc_column width=\u00a0\u00bb1\/3&Prime;][\/vc_column][\/vc_row][vc_row full_width=\u00a0\u00bbstretch_row_content_no_spaces\u00a0\u00bb css=\u00a0\u00bb.vc_custom_1490737829363{margin-top: 0px !important;margin-bottom: 0px !important;padding-top: 0px !important;padding-bottom: 0px !important;}\u00a0\u00bb][vc_column][vc_separator][\/vc_column][\/vc_row][vc_row css=\u00a0\u00bb.vc_custom_1504785360408{margin-top: 0px !important;margin-bottom: 0px !important;padding-top: 40px !important;padding-bottom: 40px !important;}\u00a0\u00bb][vc_column width=\u00a0\u00bb1\/3&Prime;][\/vc_column][vc_column width=\u00a0\u00bb1\/3&Prime;][vc_empty_space height=\u00a0\u00bb57px\u00a0\u00bb][\/vc_column][vc_column width=\u00a0\u00bb1\/3&Prime;][vc_empty_space height=\u00a0\u00bb55px\u00a0\u00bb][vc_single_image image=\u00a0\u00bb3407&Prime; img_size=\u00a0\u00bbfull\u00a0\u00bb css=\u00a0\u00bb.vc_custom_1504779329906{padding-top: 10px !important;}\u00a0\u00bb][\/vc_column][\/vc_row]<\/p>\n","protected":false},"author":1,"featured_media":0,"parent":0,"menu_order":0,"comment_status":"closed","ping_status":"closed","template":"","meta":{"footnotes":""},"class_list":["post-77","page","type-page","status-publish","hentry"],"yoast_head":"<!-- This site is optimized with the Yoast SEO plugin v27.0 - https:\/\/yoast.com\/product\/yoast-seo-wordpress\/ -->\n<title>La Technologie - TIRIGENERA<\/title>\n<meta name=\"robots\" content=\"index, follow, max-snippet:-1, max-image-preview:large, max-video-preview:-1\" \/>\n<link rel=\"canonical\" href=\"https:\/\/tirigenera.ch\/fr\/tecnologia\/\" \/>\n<meta property=\"og:locale\" content=\"fr_FR\" \/>\n<meta property=\"og:type\" content=\"article\" \/>\n<meta property=\"og:title\" content=\"La Technologie - TIRIGENERA\" \/>\n<meta property=\"og:description\" content=\"[vc_row css=\u00a0\u00bb.vc_custom_1504779249390{margin-top: 0px !important;margin-bottom: 0px !important;padding-top: 40px !important;padding-bottom: 40px !important;}\u00a0\u00bb][vc_column width=\u00a0\u00bb1\/3&Prime;][\/vc_column][vc_column width=\u00a0\u00bb1\/3&Prime;][vc_single_image image=\u00a0\u00bb3406&Prime; img_size=\u00a0\u00bbfull\u00a0\u00bb css=\u00a0\u00bb.vc_custom_1504779175538{padding-top: 10px !important;}\u00a0\u00bb][\/vc_column][vc_column width=\u00a0\u00bb1\/3&Prime;][\/vc_column][\/vc_row][vc_row full_width=\u00a0\u00bbstretch_row_content_no_spaces\u00a0\u00bb css=\u00a0\u00bb.vc_custom_1490737829363{margin-top: 0px !important;margin-bottom: 0px !important;padding-top: 0px !important;padding-bottom: 0px !important;}\u00a0\u00bb][vc_column][vc_separator][\/vc_column][\/vc_row][vc_row css=\u00a0\u00bb.vc_custom_1504785360408{margin-top: 0px !important;margin-bottom: 0px !important;padding-top: 40px !important;padding-bottom: 40px !important;}\u00a0\u00bb][vc_column width=\u00a0\u00bb1\/3&Prime;][\/vc_column][vc_column width=\u00a0\u00bb1\/3&Prime;][vc_empty_space height=\u00a0\u00bb57px\u00a0\u00bb][\/vc_column][vc_column width=\u00a0\u00bb1\/3&Prime;][vc_empty_space height=\u00a0\u00bb55px\u00a0\u00bb][vc_single_image image=\u00a0\u00bb3407&Prime; img_size=\u00a0\u00bbfull\u00a0\u00bb css=\u00a0\u00bb.vc_custom_1504779329906{padding-top: 10px !important;}\u00a0\u00bb][\/vc_column][\/vc_row]\" \/>\n<meta property=\"og:url\" content=\"https:\/\/tirigenera.ch\/fr\/tecnologia\/\" \/>\n<meta property=\"og:site_name\" content=\"TIRIGENERA\" \/>\n<meta property=\"article:modified_time\" content=\"2017-12-12T11:26:47+00:00\" \/>\n<meta name=\"twitter:card\" content=\"summary_large_image\" \/>\n<meta name=\"twitter:label1\" content=\"Dur\u00e9e de lecture estim\u00e9e\" \/>\n\t<meta name=\"twitter:data1\" content=\"18 minutes\" \/>\n<script type=\"application\/ld+json\" class=\"yoast-schema-graph\">{\"@context\":\"https:\/\/schema.org\",\"@graph\":[{\"@type\":\"WebPage\",\"@id\":\"https:\/\/tirigenera.ch\/fr\/tecnologia\/\",\"url\":\"https:\/\/tirigenera.ch\/fr\/tecnologia\/\",\"name\":\"La Technologie - TIRIGENERA\",\"isPartOf\":{\"@id\":\"https:\/\/tirigenera.ch\/#website\"},\"datePublished\":\"2017-03-27T22:34:15+00:00\",\"dateModified\":\"2017-12-12T11:26:47+00:00\",\"breadcrumb\":{\"@id\":\"https:\/\/tirigenera.ch\/fr\/tecnologia\/#breadcrumb\"},\"inLanguage\":\"fr-FR\",\"potentialAction\":[{\"@type\":\"ReadAction\",\"target\":[\"https:\/\/tirigenera.ch\/fr\/tecnologia\/\"]}]},{\"@type\":\"BreadcrumbList\",\"@id\":\"https:\/\/tirigenera.ch\/fr\/tecnologia\/#breadcrumb\",\"itemListElement\":[{\"@type\":\"ListItem\",\"position\":1,\"name\":\"Home\",\"item\":\"https:\/\/tirigenera.ch\/\"},{\"@type\":\"ListItem\",\"position\":2,\"name\":\"La Technologie\"}]},{\"@type\":\"WebSite\",\"@id\":\"https:\/\/tirigenera.ch\/#website\",\"url\":\"https:\/\/tirigenera.ch\/\",\"name\":\"TIRIGENERA\",\"description\":\"la scienza al servizio della bellezza\",\"potentialAction\":[{\"@type\":\"SearchAction\",\"target\":{\"@type\":\"EntryPoint\",\"urlTemplate\":\"https:\/\/tirigenera.ch\/?s={search_term_string}\"},\"query-input\":{\"@type\":\"PropertyValueSpecification\",\"valueRequired\":true,\"valueName\":\"search_term_string\"}}],\"inLanguage\":\"fr-FR\"}]}<\/script>\n<!-- \/ Yoast SEO plugin. -->","yoast_head_json":{"title":"La Technologie - TIRIGENERA","robots":{"index":"index","follow":"follow","max-snippet":"max-snippet:-1","max-image-preview":"max-image-preview:large","max-video-preview":"max-video-preview:-1"},"canonical":"https:\/\/tirigenera.ch\/fr\/tecnologia\/","og_locale":"fr_FR","og_type":"article","og_title":"La Technologie - TIRIGENERA","og_description":"[vc_row css=\u00a0\u00bb.vc_custom_1504779249390{margin-top: 0px !important;margin-bottom: 0px !important;padding-top: 40px !important;padding-bottom: 40px !important;}\u00a0\u00bb][vc_column width=\u00a0\u00bb1\/3&Prime;][\/vc_column][vc_column width=\u00a0\u00bb1\/3&Prime;][vc_single_image image=\u00a0\u00bb3406&Prime; img_size=\u00a0\u00bbfull\u00a0\u00bb css=\u00a0\u00bb.vc_custom_1504779175538{padding-top: 10px !important;}\u00a0\u00bb][\/vc_column][vc_column width=\u00a0\u00bb1\/3&Prime;][\/vc_column][\/vc_row][vc_row full_width=\u00a0\u00bbstretch_row_content_no_spaces\u00a0\u00bb css=\u00a0\u00bb.vc_custom_1490737829363{margin-top: 0px !important;margin-bottom: 0px !important;padding-top: 0px !important;padding-bottom: 0px !important;}\u00a0\u00bb][vc_column][vc_separator][\/vc_column][\/vc_row][vc_row css=\u00a0\u00bb.vc_custom_1504785360408{margin-top: 0px !important;margin-bottom: 0px !important;padding-top: 40px !important;padding-bottom: 40px !important;}\u00a0\u00bb][vc_column width=\u00a0\u00bb1\/3&Prime;][\/vc_column][vc_column width=\u00a0\u00bb1\/3&Prime;][vc_empty_space height=\u00a0\u00bb57px\u00a0\u00bb][\/vc_column][vc_column width=\u00a0\u00bb1\/3&Prime;][vc_empty_space height=\u00a0\u00bb55px\u00a0\u00bb][vc_single_image image=\u00a0\u00bb3407&Prime; img_size=\u00a0\u00bbfull\u00a0\u00bb css=\u00a0\u00bb.vc_custom_1504779329906{padding-top: 10px !important;}\u00a0\u00bb][\/vc_column][\/vc_row]","og_url":"https:\/\/tirigenera.ch\/fr\/tecnologia\/","og_site_name":"TIRIGENERA","article_modified_time":"2017-12-12T11:26:47+00:00","twitter_card":"summary_large_image","twitter_misc":{"Dur\u00e9e de lecture estim\u00e9e":"18 minutes"},"schema":{"@context":"https:\/\/schema.org","@graph":[{"@type":"WebPage","@id":"https:\/\/tirigenera.ch\/fr\/tecnologia\/","url":"https:\/\/tirigenera.ch\/fr\/tecnologia\/","name":"La Technologie - TIRIGENERA","isPartOf":{"@id":"https:\/\/tirigenera.ch\/#website"},"datePublished":"2017-03-27T22:34:15+00:00","dateModified":"2017-12-12T11:26:47+00:00","breadcrumb":{"@id":"https:\/\/tirigenera.ch\/fr\/tecnologia\/#breadcrumb"},"inLanguage":"fr-FR","potentialAction":[{"@type":"ReadAction","target":["https:\/\/tirigenera.ch\/fr\/tecnologia\/"]}]},{"@type":"BreadcrumbList","@id":"https:\/\/tirigenera.ch\/fr\/tecnologia\/#breadcrumb","itemListElement":[{"@type":"ListItem","position":1,"name":"Home","item":"https:\/\/tirigenera.ch\/"},{"@type":"ListItem","position":2,"name":"La Technologie"}]},{"@type":"WebSite","@id":"https:\/\/tirigenera.ch\/#website","url":"https:\/\/tirigenera.ch\/","name":"TIRIGENERA","description":"la scienza al servizio della bellezza","potentialAction":[{"@type":"SearchAction","target":{"@type":"EntryPoint","urlTemplate":"https:\/\/tirigenera.ch\/?s={search_term_string}"},"query-input":{"@type":"PropertyValueSpecification","valueRequired":true,"valueName":"search_term_string"}}],"inLanguage":"fr-FR"}]}},"_links":{"self":[{"href":"https:\/\/tirigenera.ch\/fr\/wp-json\/wp\/v2\/pages\/77","targetHints":{"allow":["GET"]}}],"collection":[{"href":"https:\/\/tirigenera.ch\/fr\/wp-json\/wp\/v2\/pages"}],"about":[{"href":"https:\/\/tirigenera.ch\/fr\/wp-json\/wp\/v2\/types\/page"}],"author":[{"embeddable":true,"href":"https:\/\/tirigenera.ch\/fr\/wp-json\/wp\/v2\/users\/1"}],"replies":[{"embeddable":true,"href":"https:\/\/tirigenera.ch\/fr\/wp-json\/wp\/v2\/comments?post=77"}],"version-history":[{"count":16,"href":"https:\/\/tirigenera.ch\/fr\/wp-json\/wp\/v2\/pages\/77\/revisions"}],"predecessor-version":[{"id":3601,"href":"https:\/\/tirigenera.ch\/fr\/wp-json\/wp\/v2\/pages\/77\/revisions\/3601"}],"wp:attachment":[{"href":"https:\/\/tirigenera.ch\/fr\/wp-json\/wp\/v2\/media?parent=77"}],"curies":[{"name":"wp","href":"https:\/\/api.w.org\/{rel}","templated":true}]}}