{"id":88,"date":"2017-03-27T22:42:49","date_gmt":"2017-03-27T22:42:49","guid":{"rendered":"http:\/\/visage.evatheme.com\/?page_id=88"},"modified":"2020-03-16T10:09:09","modified_gmt":"2020-03-16T09:09:09","slug":"faq","status":"publish","type":"page","link":"https:\/\/tirigenera.ch\/fr\/faq\/","title":{"rendered":"FAQ"},"content":{"rendered":"<p>[vc_row][vc_column width=\u00a0\u00bb2\/3&Prime;][vc_tta_accordion shape=\u00a0\u00bbsquare\u00a0\u00bb color=\u00a0\u00bbwhite\u00a0\u00bb c_icon=\u00a0\u00bbchevron\u00a0\u00bb c_position=\u00a0\u00bbright\u00a0\u00bb active_section=\u00a0\u00bb20&Prime;][vc_tta_section title=\u00a0\u00bbQu&rsquo;est-ce que c\u2019est le protocole m\u00e9dical Rigenera &#8482; pour le traitement de l&rsquo;alop\u00e9cie androg\u00e9n\u00e9tique?\u00a0\u00bb tab_id=\u00a0\u00bb1513071452882-028b4112-6ea7&Prime;][vc_column_text]RIGENERA&#x2122; est un protocole de micro-chirurgie de la r\u00e9g\u00e9n\u00e9ration tissulaire humaine (due \u00e0 une maladie, un traumatisme ou simplement vieilli), bas\u00e9e sur l&rsquo;utilisation d&rsquo;une technologie innovante pour la pr\u00e9paration de mini greffes de tissus, qui conservent la capacit\u00e9 de r\u00e9g\u00e9n\u00e9rer la peau, le cartilage, les muscles et les os.<br \/>\nLorsqu&rsquo;il est utilis\u00e9 dans le traitement de l&rsquo;alop\u00e9cie androg\u00e9n\u00e9tique, Rigenera &#8482; utilise de micro-greffes, prise dans la r\u00e9gion occipitale du cuir chevelu ou masto\u00efde, \u00e0 savoir dans les zones non sensibles de l&rsquo;influence n\u00e9gative de DHT (Di-Hydro-testost\u00e9rone) sur repousse des cheveux.<br \/>\n<strong><br \/>\n<\/strong>[\/vc_column_text][\/vc_tta_section][vc_tta_section title=\u00a0\u00bbDe quoi s&rsquo;agit-il?\u00a0\u00bb tab_id=\u00a0\u00bb1513071599075-13134ee7-532e\u00a0\u00bb][vc_column_text]Il se compose d&rsquo;un petit \u00e9chantillon de tissu de la peau du \u00a0patient m\u00eame, la taille de 3 mm, courir \u00e0 la pendaison des cheveux de la nuque, et par un processus de d\u00e9s\u00e9gration m\u00e9canique imm\u00e9diate, d&rsquo;une dur\u00e9e de 90 secondes. Cette proc\u00e9dure r\u00e9volutionnaire permet d&rsquo;obtenir des tissus des particules dont la taille d&rsquo;environ 70 microns (soit 70 milli\u00e8mes de millim\u00e8tre), qui est consid\u00e9r\u00e9e comme mesure id\u00e9ale pour assurer la prise de greffe , une nouvelle implantation dans les zones des cheveux filasses une fois par des micro -injection avec une fine aiguille de m\u00e9soth\u00e9rapie.<\/p>\n<p><strong><br \/>\n<\/strong>[\/vc_column_text][\/vc_tta_section][vc_tta_section title=\u00a0\u00bbPourquoi RIGENERA&#x2122; est-il consid\u00e9r\u00e9 comme \u00ab\u00a0unique et r\u00e9volutionnaire\u00ab\u00a0?\u00a0\u00bb tab_id=\u00a0\u00bb1513071824515-6ee73723-5104&Prime;][vc_column_text]Les micro-greffe obtenues \u00e0 partir de RIGENERA&#x2122;, sont l&rsquo;\u00e9l\u00e9ment qui est \u00e0 la base du processus de r\u00e9g\u00e9n\u00e9ration de la peau, rendue possible par un syst\u00e8me m\u00e9dicale brevet\u00e9 et unique dans le monde.<\/p>\n<p>Le seul en mesure d&rsquo;obtenir des micro-greffes, petites et constantes, avec un processus de d\u00e9sint\u00e9gration m\u00e9canique, sans utilisation de m\u00e9dicaments ou de substances de synth\u00e8se et sans aucune manipulation enzymatique.<\/p>\n<p><strong>\u00a0<\/strong>[\/vc_column_text][\/vc_tta_section][vc_tta_section title=\u00a0\u00bbPourquoi RIGENERA&#x2122; fonctionne-t-il dans le traitement de l&rsquo;alop\u00e9cie androg\u00e9n\u00e9tique?\u00a0\u00bb tab_id=\u00a0\u00bb1513071899345-2e4b6cc5-d063&Prime;][vc_column_text]Les micro-greffes obtenues \u00e0 partirde \u00a0RIGENERA&#x2122; permettent de r\u00e9injecter les \u00e9l\u00e9ments cellulaires du cuir chevelu avec une forte concentration de facteurs de croissance naturels, qui stimulent le m\u00e9canisme de r\u00e9g\u00e9n\u00e9ration des cellules d\u00e9j\u00e0 pr\u00e9sentes dans notre corps, de sorte que les follicules pileux peuvent Reprendre la production de cheveux dans les zones d&rsquo;amincissement, ainsi que le renforcement des cheveux filasses et l&rsquo;affaiblissement des cheveux.<br \/>\n<strong>\u00a0<\/strong>[\/vc_column_text][\/vc_tta_section][vc_tta_section title=\u00a0\u00bbEst-il utile pour toutes les formes d&rsquo;alop\u00e9cie?\u00a0\u00bb tab_id=\u00a0\u00bb1513071941647-03371389-f398&Prime;][vc_column_text]Non, Alop\u00e9cie Stress (qui est reconnaissable \u00e0 un \u00e9v\u00e9nement r\u00e9cent et stresseur manifeste) et alop\u00e9cie cicatricielle (r\u00e9sultant d&rsquo;\u00e9v\u00e9nements traumatiques ou chirurgicaux localis\u00e9s sur le cuir chevelu) ne peut pas \u00eatre trait\u00e9 avec succ\u00e8s; il est toujours utile dans le soin de l&rsquo;alop\u00e9cie androg\u00e9nique, m\u00e2le et f\u00e9minine.<br \/>\n<strong>\u00a0<\/strong>[\/vc_column_text][\/vc_tta_section][vc_tta_section title=\u00a0\u00bbQu&rsquo;est-ce qui ne g\u00e9n\u00e8re pas de nouveau?\u00a0\u00bb tab_id=\u00a0\u00bb1513071969259-0eebe6c1-b96f\u00a0\u00bb][vc_column_text]RIGENERA&#x2122; n\u2019est pas \u00ab une greffe de cheveux r\u00e9elle ou synth\u00e9tique, et n\u2019est pas plasma riche en plaquettes (PRP), n\u2019est pas \u00ab une m\u00e9thode qui manipule le sang, ni n\u2019est pas \u00bb un traitement \u00e0 base de m\u00e9dicaments.<br \/>\n<strong>\u00a0<\/strong>[\/vc_column_text][\/vc_tta_section][vc_tta_section title=\u00a0\u00bbQuels sont les avantages du protocole de remise en forme pour le patient ?\u00a0\u00bb tab_id=\u00a0\u00bb1513072101084-31c3bb8a-1615&Prime;][vc_column_text]- C&rsquo;est une mini-m\u00e9thode invasive, m\u00eame si elle implique un passage de petite chirurgie ambulatoire<br \/>\n&#8211; Il n&rsquo;est pas particuli\u00e8rement douloureux si vous excluez l&rsquo;inconfort associ\u00e9 aux micro-injections<br \/>\n&#8211; Ne laisse aucun signe \u00e9vident et permet un retour imm\u00e9diat \u00e0 la vie de relation et de travail<br \/>\n&#8211; Il est rapide \u00e0 courir (30 \u00e0 60 minutes pour tout le traitement)<br \/>\n&#8211; Fournit un seul traitement pour obtenir des r\u00e9sultats tangibles et objectivables[\/vc_column_text][\/vc_tta_section][vc_tta_section title=\u00a0\u00bbQuels sont les domaines d&rsquo;application aujourd&rsquo;hui?\u00a0\u00bb tab_id=\u00a0\u00bb1513072167043-d0b7be6d-0138&Prime;][vc_column_text]RIGENERA&#x2122; est appliqu\u00e9 depuis des ann\u00e9es avec d&rsquo;excellents r\u00e9sultats dans le traitement des plaies difficiles (en chirurgie reconstructive plastique), parce que permet la peau r\u00e9g\u00e9n\u00e8ration dans un temps tr\u00e8s court.<br \/>\nDans le domaine de l&rsquo;esth\u00e9tique, RIGENERA&#x2122; est maintenant utilis\u00e9:<br \/>\n&#8211; Pour les soins d&rsquo;Alopecia Androgenetica<br \/>\n&#8211; Pour le rajeunissement de la peau du visage, du cou, du d\u00e9collet\u00e9, des bras et des mains<br \/>\n&#8211; Pour le traitement des vergetures<br \/>\n&#8211; Pour le traitement des cicatrices<br \/>\n&#8211; Pour le traitement du vitiligo<\/p>\n<p>[\/vc_column_text][\/vc_tta_section][vc_tta_section title=\u00a0\u00bbQuels r\u00e9sultats pouvez-vous attendre dans la prise en charge de l&rsquo;alop\u00e9cie androg\u00e9n\u00e9tique?\u00a0\u00bb tab_id=\u00a0\u00bb1513072230241-925c92ce-abf9&Prime;][vc_column_text]Dans les cas de Alop\u00e9cie androg\u00e9n\u00e9tique, la seule traitable avec cette m\u00e9thode, nous pouvons nous attendre un \u00e9paississement de cheveux, dans lequel le cuir chevelu voir encore une pr\u00e9sence r\u00e9siduelle de bulbes pileux, en particulier en pr\u00e9sence d&rsquo;un grand nombre de poils et les cheveux de diam\u00e8tre diff\u00e9rent.<br \/>\nLe r\u00e9sultat clinique se manifeste par un arr\u00eat initial de la chute des cheveux et un rehaussement des cheveux \u00e0 la fin du premier mois de traitement et une r\u00e9cup\u00e9ration initiale subs\u00e9quente \u00e0 partir du second mois.<\/p>\n<p>[\/vc_column_text][\/vc_tta_section][vc_tta_section title=\u00a0\u00bb\u00c0 quelle fr\u00e9quence la m\u00e9thode Reverse devrait-elle \u00eatre appliqu\u00e9e?\u00a0\u00bb tab_id=\u00a0\u00bb1513072261231-f7f55dbb-6c0b\u00a0\u00bb][vc_column_text]RIGENERA&#x2122; \u00a0est une m\u00e9thode qui est capable de donner des r\u00e9sultats concrets d\u00e9j\u00e0 avec un seul traitement; Cependant, \u00e9tant donn\u00e9 que chez l&rsquo;homme l&rsquo;hormone m\u00e2le continue \u00e0 \u00eatre produite et que le processus de r\u00e9g\u00e9n\u00e9ration naturelle adulte ou mature est ralenti au cours des ann\u00e9es, le traitement\u00a0 peut\u00a0 \u00eatre r\u00e9p\u00e9t\u00e9 \u00e0 une distance de 12\/18 mois , le ztraitement n\u2019ayant pas de contraindications.<\/p>\n<p>[\/vc_column_text][\/vc_tta_section][vc_tta_section title=\u00a0\u00bbLe Treatment RIGENERA&#x2122; fonctionne-t-il que pour les hommes?\u00a0\u00bb tab_id=\u00a0\u00bb1513072325146-4660d4c5-22cd\u00a0\u00bb][vc_column_text]Non, les hommes et les femmes peuvent \u00eatre trait\u00e9s indiff\u00e9remment, particuli\u00e8rement \u00a0dans le traitement de l&rsquo;amincissement et de l&rsquo;amincissement des cheveux filasses apr\u00e8s la m\u00e9nopause.<\/p>\n<p>[\/vc_column_text][\/vc_tta_section][vc_tta_section title=\u00a0\u00bbCela fonctionne-t-il uniquement sur les jeunes?\u00a0\u00bb tab_id=\u00a0\u00bb1513072358872-d0b5c2a7-1b8d\u00a0\u00bb][vc_column_text]Non, il n&rsquo;y a pas de lien d&rsquo;\u00e2ge, m\u00eame si au fil des ann\u00e9es le processus de r\u00e9g\u00e9n\u00e9ration ralentit et les r\u00e9sultats auxquels nous pouvons nous attendre, quoique significatifs, sont plus petits.<\/p>\n<p>[\/vc_column_text][\/vc_tta_section][vc_tta_section title=\u00a0\u00bbLe traitement de RIGENERA&#x2122; est-il consid\u00e9r\u00e9 comme une m\u00e9thode chirurgicale?\u00a0\u00bb tab_id=\u00a0\u00bb1513072382838-3c3337e9-8842&Prime;][vc_column_text]Oui, dans le sens o\u00f9 il y a un passage chirurgical lorsque vous devez extraire le petit morceau de peau (3 mm) \u00e0 partir duquel extraire les micro-greffes. Pour cette raison, et \u00ab il faut avoir un ambulatoire de chirurgie ambulatoire et que le m\u00e9decin ait une base de connaissances chirurgicale ou soit \u00a0form\u00e9 par l&rsquo;un des cours de formation Live Training organis\u00e9es p\u00e9riodiquement ou \u00ab ad personam \u00bb par les chirurgiens du Comit\u00e9 scientifique.<\/p>\n<p>[\/vc_column_text][\/vc_tta_section][vc_tta_section title=\u00a0\u00bbDans quelles conditions les meilleurs r\u00e9sultats peuvent-ils \u00eatre obtenus?\u00a0\u00bb tab_id=\u00a0\u00bb1513072416947-9ef73ad7-ac4b\u00a0\u00bb][vc_column_text]L&rsquo;exp\u00e9rience clinique acquise a v\u00e9rifi\u00e9 que statistiquement les meilleurs r\u00e9sultats sont obtenus:<br \/>\n\u2022 chez les hommes qui n&rsquo;ont pas atteint la troisi\u00e8me \u00e9tape de l&rsquo;escalier Hamilton-Norwood;<br \/>\n\u2022 Chez les sujets f\u00e9minins n&rsquo;ayant pas atteint la deuxi\u00e8me phase de l&rsquo;\u00e9chelle de Ludwig.<\/p>\n<p>[\/vc_column_text][\/vc_tta_section][vc_tta_section title=\u00a0\u00bbQuels sont les principaux avantages du protocole RIGENERA&#x2122;?\u00a0\u00bb tab_id=\u00a0\u00bb1513072449168-498fe1c5-cf83&Prime;][vc_column_text]<\/p>\n<ul>\n<li>Vitesse d&rsquo;ex\u00e9cution: 30 minutes \u00e0 1 heure, en fonction de l&rsquo;\u00e9tendue de la zone trait\u00e9e<\/li>\n<li>Soulagement de la douleur: minime et limit\u00e9 au moment de la micro-injection en m\u00e9soth\u00e9rapie<\/li>\n<li>Anesth\u00e9sie: locale et pratiqu\u00e9e seulement au point de coupure du fragment cutan\u00e9<\/li>\n<li>S\u00e9curit\u00e9: La m\u00e9thode est garantie par la s\u00e9lection de m\u00e9decins sp\u00e9cialistes qui la pratiquent<\/li>\n<li>R\u00e9sultats: En accord avec les indications, les r\u00e9sultats sont toujours pr\u00e9sents, d&rsquo;une naturalit\u00e9 et d&rsquo;un haut degr\u00e9 de satisfaction pour le patient<\/li>\n<li>Co\u00fbt: contenu, \u00e9galement en comparaison avec d&rsquo;autres m\u00e9thodes et traitements normalement employ\u00e9s<\/li>\n<li>Retour \u00e0 la vie sociale: imm\u00e9diat<\/li>\n<li>R\u00e9p\u00e9tibilit\u00e9: ne n\u00e9cessite pas de cycles de traitement r\u00e9p\u00e9t\u00e9s au cours de l&rsquo;ann\u00e9e, mais permet d&rsquo;obtenir des r\u00e9sultats concrets apr\u00e8s 1 traitement unique<\/li>\n<\/ul>\n<p>[\/vc_column_text][\/vc_tta_section][\/vc_tta_accordion][\/vc_column][vc_column width=\u00a0\u00bb1\/3&Prime;][vc_single_image image=\u00a0\u00bb3589&Prime; img_size=\u00a0\u00bbfull\u00a0\u00bb]<div class=\"ult-content-box-container \" >\t\t<div class=\"ult-content-box\" style=\"background-color:#003366;box-shadow: px px px px rgb(247, 247, 247) none;padding:40px;margin-bottom:30px;-webkit-transition: all 700ms ease;-moz-transition: all 700ms ease;-ms-transition: all 700ms ease;-o-transition: all 700ms ease;transition: all 700ms ease;\"  data-hover_box_shadow=\"none\"    data-normal_margins=\"margin-bottom:30px;\"   data-bg=\"#003366\" ><div id=\"ultimate-heading-947769e1f36233f2d\" class=\"uvc-heading ult-adjust-bottom-margin ultimate-heading-947769e1f36233f2d uvc-6320 \" data-hspacer=\"no_spacer\"  data-halign=\"center\" style=\"text-align:center\"><div class=\"uvc-heading-spacer no_spacer\" style=\"top\"><\/div><div class=\"uvc-main-heading ult-responsive\"  data-ultimate-target='.uvc-heading.ultimate-heading-947769e1f36233f2d h2'  data-responsive-json-new='{\"font-size\":\"desktop:22px;\",\"line-height\":\"desktop:30px;\"}' ><h2 style=\"font-weight:normal;color:#ffffff;\">Demander plus d'informations<\/h2><\/div><div class=\"uvc-sub-heading ult-responsive\"  data-ultimate-target='.uvc-heading.ultimate-heading-947769e1f36233f2d .uvc-sub-heading '  data-responsive-json-new='{\"font-size\":\"desktop:16px;\",\"line-height\":\"desktop:24px;\"}'  style=\"font-weight:normal;color:#ffffff;\"><\/p>\n<p style=\"text-align: center;\"><strong>Appel<\/strong><br \/>\n+41.44.260.80.66<\/p>\n<p style=\"text-align: center;\"><strong>\u00c9crivez-nous<\/strong><br \/>\n<span class=\"cmsmasters_homepage_fb_opening_item\"><span class=\"align-right\">info@tirigenera.ch<\/span><\/span><\/p>\n<p><\/div><\/div>\t\t<\/div><\/div>[vc_single_image image=\u00a0\u00bb3590&Prime; img_size=\u00a0\u00bbfull\u00a0\u00bb][\/vc_column][\/vc_row]<\/p>","protected":false},"excerpt":{"rendered":"<p>[vc_row][vc_column width=\u00a0\u00bb2\/3&Prime;][vc_tta_accordion shape=\u00a0\u00bbsquare\u00a0\u00bb color=\u00a0\u00bbwhite\u00a0\u00bb c_icon=\u00a0\u00bbchevron\u00a0\u00bb c_position=\u00a0\u00bbright\u00a0\u00bb active_section=\u00a0\u00bb20&Prime;][vc_tta_section title=\u00a0\u00bbQu&rsquo;est-ce que c\u2019est le protocole m\u00e9dical Rigenera &#8482; pour le traitement de l&rsquo;alop\u00e9cie androg\u00e9n\u00e9tique?\u00a0\u00bb tab_id=\u00a0\u00bb1513071452882-028b4112-6ea7&Prime;][vc_column_text]RIGENERA&#x2122; est un protocole de micro-chirurgie de la r\u00e9g\u00e9n\u00e9ration tissulaire humaine (due \u00e0 une maladie, un traumatisme ou simplement vieilli), bas\u00e9e sur l&rsquo;utilisation d&rsquo;une technologie innovante pour la pr\u00e9paration de mini greffes de tissus, [&hellip;]<\/p>\n","protected":false},"author":1,"featured_media":0,"parent":0,"menu_order":0,"comment_status":"closed","ping_status":"closed","template":"","meta":{"footnotes":""},"class_list":["post-88","page","type-page","status-publish","hentry"],"yoast_head":"<!-- This site is optimized with the Yoast SEO plugin v27.0 - https:\/\/yoast.com\/product\/yoast-seo-wordpress\/ -->\n<title>FAQ - TIRIGENERA<\/title>\n<meta name=\"robots\" content=\"index, follow, max-snippet:-1, max-image-preview:large, max-video-preview:-1\" \/>\n<link rel=\"canonical\" href=\"https:\/\/tirigenera.ch\/faq\/\" \/>\n<meta property=\"og:locale\" content=\"fr_FR\" \/>\n<meta property=\"og:type\" content=\"article\" \/>\n<meta property=\"og:title\" content=\"FAQ - TIRIGENERA\" \/>\n<meta property=\"og:description\" content=\"[vc_row][vc_column width=\u00a0\u00bb2\/3&Prime;][vc_tta_accordion shape=\u00a0\u00bbsquare\u00a0\u00bb color=\u00a0\u00bbwhite\u00a0\u00bb c_icon=\u00a0\u00bbchevron\u00a0\u00bb c_position=\u00a0\u00bbright\u00a0\u00bb active_section=\u00a0\u00bb20&Prime;][vc_tta_section title=\u00a0\u00bbQu&rsquo;est-ce que c\u2019est le protocole m\u00e9dical Rigenera &#8482; pour le traitement de l&rsquo;alop\u00e9cie androg\u00e9n\u00e9tique?\u00a0\u00bb tab_id=\u00a0\u00bb1513071452882-028b4112-6ea7&Prime;][vc_column_text]RIGENERA&#x2122; est un protocole de micro-chirurgie de la r\u00e9g\u00e9n\u00e9ration tissulaire humaine (due \u00e0 une maladie, un traumatisme ou simplement vieilli), bas\u00e9e sur l&rsquo;utilisation d&rsquo;une technologie innovante pour la pr\u00e9paration de mini greffes de tissus, [&hellip;]\" \/>\n<meta property=\"og:url\" content=\"https:\/\/tirigenera.ch\/faq\/\" \/>\n<meta property=\"og:site_name\" content=\"TIRIGENERA\" \/>\n<meta property=\"article:modified_time\" content=\"2020-03-16T09:09:09+00:00\" \/>\n<meta name=\"twitter:card\" content=\"summary_large_image\" \/>\n<meta name=\"twitter:label1\" content=\"Dur\u00e9e de lecture estim\u00e9e\" \/>\n\t<meta name=\"twitter:data1\" content=\"25 minutes\" \/>\n<script type=\"application\/ld+json\" class=\"yoast-schema-graph\">{\"@context\":\"https:\/\/schema.org\",\"@graph\":[{\"@type\":\"WebPage\",\"@id\":\"https:\/\/tirigenera.ch\/faq\/\",\"url\":\"https:\/\/tirigenera.ch\/faq\/\",\"name\":\"FAQ - TIRIGENERA\",\"isPartOf\":{\"@id\":\"https:\/\/tirigenera.ch\/#website\"},\"datePublished\":\"2017-03-27T22:42:49+00:00\",\"dateModified\":\"2020-03-16T09:09:09+00:00\",\"breadcrumb\":{\"@id\":\"https:\/\/tirigenera.ch\/faq\/#breadcrumb\"},\"inLanguage\":\"fr-FR\",\"potentialAction\":[{\"@type\":\"ReadAction\",\"target\":[\"https:\/\/tirigenera.ch\/faq\/\"]}]},{\"@type\":\"BreadcrumbList\",\"@id\":\"https:\/\/tirigenera.ch\/faq\/#breadcrumb\",\"itemListElement\":[{\"@type\":\"ListItem\",\"position\":1,\"name\":\"Home\",\"item\":\"https:\/\/tirigenera.ch\/\"},{\"@type\":\"ListItem\",\"position\":2,\"name\":\"FAQ\"}]},{\"@type\":\"WebSite\",\"@id\":\"https:\/\/tirigenera.ch\/#website\",\"url\":\"https:\/\/tirigenera.ch\/\",\"name\":\"TIRIGENERA\",\"description\":\"la scienza al servizio della bellezza\",\"potentialAction\":[{\"@type\":\"SearchAction\",\"target\":{\"@type\":\"EntryPoint\",\"urlTemplate\":\"https:\/\/tirigenera.ch\/?s={search_term_string}\"},\"query-input\":{\"@type\":\"PropertyValueSpecification\",\"valueRequired\":true,\"valueName\":\"search_term_string\"}}],\"inLanguage\":\"fr-FR\"}]}<\/script>\n<!-- \/ Yoast SEO plugin. -->","yoast_head_json":{"title":"FAQ - TIRIGENERA","robots":{"index":"index","follow":"follow","max-snippet":"max-snippet:-1","max-image-preview":"max-image-preview:large","max-video-preview":"max-video-preview:-1"},"canonical":"https:\/\/tirigenera.ch\/faq\/","og_locale":"fr_FR","og_type":"article","og_title":"FAQ - TIRIGENERA","og_description":"[vc_row][vc_column width=\u00a0\u00bb2\/3&Prime;][vc_tta_accordion shape=\u00a0\u00bbsquare\u00a0\u00bb color=\u00a0\u00bbwhite\u00a0\u00bb c_icon=\u00a0\u00bbchevron\u00a0\u00bb c_position=\u00a0\u00bbright\u00a0\u00bb active_section=\u00a0\u00bb20&Prime;][vc_tta_section title=\u00a0\u00bbQu&rsquo;est-ce que c\u2019est le protocole m\u00e9dical Rigenera &#8482; pour le traitement de l&rsquo;alop\u00e9cie androg\u00e9n\u00e9tique?\u00a0\u00bb tab_id=\u00a0\u00bb1513071452882-028b4112-6ea7&Prime;][vc_column_text]RIGENERA&#x2122; est un protocole de micro-chirurgie de la r\u00e9g\u00e9n\u00e9ration tissulaire humaine (due \u00e0 une maladie, un traumatisme ou simplement vieilli), bas\u00e9e sur l&rsquo;utilisation d&rsquo;une technologie innovante pour la pr\u00e9paration de mini greffes de tissus, [&hellip;]","og_url":"https:\/\/tirigenera.ch\/faq\/","og_site_name":"TIRIGENERA","article_modified_time":"2020-03-16T09:09:09+00:00","twitter_card":"summary_large_image","twitter_misc":{"Dur\u00e9e de lecture estim\u00e9e":"25 minutes"},"schema":{"@context":"https:\/\/schema.org","@graph":[{"@type":"WebPage","@id":"https:\/\/tirigenera.ch\/faq\/","url":"https:\/\/tirigenera.ch\/faq\/","name":"FAQ - TIRIGENERA","isPartOf":{"@id":"https:\/\/tirigenera.ch\/#website"},"datePublished":"2017-03-27T22:42:49+00:00","dateModified":"2020-03-16T09:09:09+00:00","breadcrumb":{"@id":"https:\/\/tirigenera.ch\/faq\/#breadcrumb"},"inLanguage":"fr-FR","potentialAction":[{"@type":"ReadAction","target":["https:\/\/tirigenera.ch\/faq\/"]}]},{"@type":"BreadcrumbList","@id":"https:\/\/tirigenera.ch\/faq\/#breadcrumb","itemListElement":[{"@type":"ListItem","position":1,"name":"Home","item":"https:\/\/tirigenera.ch\/"},{"@type":"ListItem","position":2,"name":"FAQ"}]},{"@type":"WebSite","@id":"https:\/\/tirigenera.ch\/#website","url":"https:\/\/tirigenera.ch\/","name":"TIRIGENERA","description":"la scienza al servizio della bellezza","potentialAction":[{"@type":"SearchAction","target":{"@type":"EntryPoint","urlTemplate":"https:\/\/tirigenera.ch\/?s={search_term_string}"},"query-input":{"@type":"PropertyValueSpecification","valueRequired":true,"valueName":"search_term_string"}}],"inLanguage":"fr-FR"}]}},"_links":{"self":[{"href":"https:\/\/tirigenera.ch\/fr\/wp-json\/wp\/v2\/pages\/88","targetHints":{"allow":["GET"]}}],"collection":[{"href":"https:\/\/tirigenera.ch\/fr\/wp-json\/wp\/v2\/pages"}],"about":[{"href":"https:\/\/tirigenera.ch\/fr\/wp-json\/wp\/v2\/types\/page"}],"author":[{"embeddable":true,"href":"https:\/\/tirigenera.ch\/fr\/wp-json\/wp\/v2\/users\/1"}],"replies":[{"embeddable":true,"href":"https:\/\/tirigenera.ch\/fr\/wp-json\/wp\/v2\/comments?post=88"}],"version-history":[{"count":22,"href":"https:\/\/tirigenera.ch\/fr\/wp-json\/wp\/v2\/pages\/88\/revisions"}],"predecessor-version":[{"id":3657,"href":"https:\/\/tirigenera.ch\/fr\/wp-json\/wp\/v2\/pages\/88\/revisions\/3657"}],"wp:attachment":[{"href":"https:\/\/tirigenera.ch\/fr\/wp-json\/wp\/v2\/media?parent=88"}],"curies":[{"name":"wp","href":"https:\/\/api.w.org\/{rel}","templated":true}]}}